{"id":677,"date":"2026-03-18T09:06:27","date_gmt":"2026-03-18T09:06:27","guid":{"rendered":"https:\/\/serresjustinlaban.ltp-naybaudreix.com\/index.php\/produit\/courgette-gold-rush-2\/"},"modified":"2026-03-24T08:23:03","modified_gmt":"2026-03-24T08:23:03","slug":"courgette-gold-rush-2","status":"publish","type":"product","link":"https:\/\/serresjustinlaban.ltp-naybaudreix.com\/index.php\/produit\/courgette-gold-rush-2\/","title":{"rendered":"Courgette Gold Rush"},"content":{"rendered":"","protected":false},"excerpt":{"rendered":"<p>L\u00e9gume productif.<br \/>\nPlantation: mai.<br \/>\nSoleil. Arrosage r\u00e9gulier.<br \/>\nR\u00e9colte \u00e9t\u00e9\/automne.<\/p>\n","protected":false},"featured_media":871,"comment_status":"open","ping_status":"closed","template":"","meta":{"saved_in_kubio":false,"_kadence_starter_templates_imported_post":false},"product_brand":[],"product_cat":[27],"product_tag":[],"class_list":{"0":"post-677","1":"product","2":"type-product","3":"status-publish","4":"has-post-thumbnail","6":"product_cat-plants-maraichers","8":"first","9":"instock","10":"shipping-taxable","11":"product-type-simple"},"jetpack_sharing_enabled":true,"_links":{"self":[{"href":"https:\/\/serresjustinlaban.ltp-naybaudreix.com\/index.php\/wp-json\/wp\/v2\/product\/677","targetHints":{"allow":["GET"]}}],"collection":[{"href":"https:\/\/serresjustinlaban.ltp-naybaudreix.com\/index.php\/wp-json\/wp\/v2\/product"}],"about":[{"href":"https:\/\/serresjustinlaban.ltp-naybaudreix.com\/index.php\/wp-json\/wp\/v2\/types\/product"}],"replies":[{"embeddable":true,"href":"https:\/\/serresjustinlaban.ltp-naybaudreix.com\/index.php\/wp-json\/wp\/v2\/comments?post=677"}],"wp:featuredmedia":[{"embeddable":true,"href":"https:\/\/serresjustinlaban.ltp-naybaudreix.com\/index.php\/wp-json\/wp\/v2\/media\/871"}],"wp:attachment":[{"href":"https:\/\/serresjustinlaban.ltp-naybaudreix.com\/index.php\/wp-json\/wp\/v2\/media?parent=677"}],"wp:term":[{"taxonomy":"product_brand","embeddable":true,"href":"https:\/\/serresjustinlaban.ltp-naybaudreix.com\/index.php\/wp-json\/wp\/v2\/product_brand?post=677"},{"taxonomy":"product_cat","embeddable":true,"href":"https:\/\/serresjustinlaban.ltp-naybaudreix.com\/index.php\/wp-json\/wp\/v2\/product_cat?post=677"},{"taxonomy":"product_tag","embeddable":true,"href":"https:\/\/serresjustinlaban.ltp-naybaudreix.com\/index.php\/wp-json\/wp\/v2\/product_tag?post=677"}],"curies":[{"name":"wp","href":"https:\/\/api.w.org\/{rel}","templated":true}]}}