{"id":716,"date":"2026-03-18T09:06:31","date_gmt":"2026-03-18T09:06:31","guid":{"rendered":"https:\/\/serresjustinlaban.ltp-naybaudreix.com\/index.php\/produit\/menthe-marocaine-2\/"},"modified":"2026-03-24T08:20:21","modified_gmt":"2026-03-24T08:20:21","slug":"menthe-marocaine-2","status":"publish","type":"product","link":"https:\/\/serresjustinlaban.ltp-naybaudreix.com\/index.php\/produit\/menthe-marocaine-2\/","title":{"rendered":"Menthe Marocaine"},"content":{"rendered":"","protected":false},"excerpt":{"rendered":"<p>Aromatique.<br \/>\nPlantation: printemps.<br \/>\nSoleil.<br \/>\nArrosage mod\u00e9r\u00e9.<br \/>\nR\u00e9colte r\u00e9guli\u00e8re.<\/p>\n","protected":false},"featured_media":863,"comment_status":"open","ping_status":"closed","template":"","meta":{"saved_in_kubio":false,"_kadence_starter_templates_imported_post":false},"product_brand":[],"product_cat":[28],"product_tag":[],"class_list":{"0":"post-716","1":"product","2":"type-product","3":"status-publish","4":"has-post-thumbnail","6":"product_cat-aromatiques","8":"first","9":"instock","10":"shipping-taxable","11":"product-type-simple"},"jetpack_sharing_enabled":true,"_links":{"self":[{"href":"https:\/\/serresjustinlaban.ltp-naybaudreix.com\/index.php\/wp-json\/wp\/v2\/product\/716","targetHints":{"allow":["GET"]}}],"collection":[{"href":"https:\/\/serresjustinlaban.ltp-naybaudreix.com\/index.php\/wp-json\/wp\/v2\/product"}],"about":[{"href":"https:\/\/serresjustinlaban.ltp-naybaudreix.com\/index.php\/wp-json\/wp\/v2\/types\/product"}],"replies":[{"embeddable":true,"href":"https:\/\/serresjustinlaban.ltp-naybaudreix.com\/index.php\/wp-json\/wp\/v2\/comments?post=716"}],"wp:featuredmedia":[{"embeddable":true,"href":"https:\/\/serresjustinlaban.ltp-naybaudreix.com\/index.php\/wp-json\/wp\/v2\/media\/863"}],"wp:attachment":[{"href":"https:\/\/serresjustinlaban.ltp-naybaudreix.com\/index.php\/wp-json\/wp\/v2\/media?parent=716"}],"wp:term":[{"taxonomy":"product_brand","embeddable":true,"href":"https:\/\/serresjustinlaban.ltp-naybaudreix.com\/index.php\/wp-json\/wp\/v2\/product_brand?post=716"},{"taxonomy":"product_cat","embeddable":true,"href":"https:\/\/serresjustinlaban.ltp-naybaudreix.com\/index.php\/wp-json\/wp\/v2\/product_cat?post=716"},{"taxonomy":"product_tag","embeddable":true,"href":"https:\/\/serresjustinlaban.ltp-naybaudreix.com\/index.php\/wp-json\/wp\/v2\/product_tag?post=716"}],"curies":[{"name":"wp","href":"https:\/\/api.w.org\/{rel}","templated":true}]}}